{"id":326,"date":"2019-10-25T09:55:34","date_gmt":"2019-10-25T09:55:34","guid":{"rendered":"https:\/\/hotelmurati.com\/index.php\/our-services\/"},"modified":"2019-10-28T08:37:48","modified_gmt":"2019-10-28T08:37:48","slug":"our-services","status":"publish","type":"page","link":"https:\/\/hotelmurati.al\/index.php\/our-services\/?lang=sq","title":{"rendered":"SH\u00cbRBIMET TONA"},"content":{"rendered":"<div class=\"wpb-content-wrapper\"><p>[vc_row bg_type=&#8221;bg_color&#8221; bg_override=&#8221;ex-full&#8221; css=&#8221;.vc_custom_1571997963460{margin-top: -70px !important;}&#8221; bg_color_value=&#8221;rgba(242,234,207,0.24)&#8221;][vc_column width=&#8221;1\/2&#8243;][vc_empty_space height=&#8221;20px&#8221;][vc_single_image image=&#8221;329&#8243; img_size=&#8221;full&#8221; style=&#8221;vc_box_border&#8221; border_color=&#8221;white&#8221; image_hovers=&#8221;false&#8221; css=&#8221;.vc_custom_1571997856819{margin-bottom: -50px !important;}&#8221;][\/vc_column][vc_column width=&#8221;1\/2&#8243;][vc_empty_space height=&#8221;120px&#8221;][vc_custom_heading text=&#8221; Komfort dhe pushime t\u00eb paharrueshme nd\u00ebrkoh\u00eb q\u00eb vizitoni Ksamilin.&#8221; font_container=&#8221;tag:h2|text_align:left|color:%23223e78&#8243; google_fonts=&#8221;font_family:Roboto%20Condensed%3A300%2C300italic%2Cregular%2Citalic%2C700%2C700italic|font_style:400%20regular%3A400%3Anormal&#8221;][vc_empty_space height=&#8221;22px&#8221;][vc_custom_heading text=&#8221;HOTEL MURATI&#8221; font_container=&#8221;tag:h2|text_align:left|color:%23e87632&#8243; google_fonts=&#8221;font_family:Roboto%20Condensed%3A300%2C300italic%2Cregular%2Citalic%2C700%2C700italic|font_style:300%20light%20regular%3A300%3Anormal&#8221; el_class=&#8221;tx&#8221;][\/vc_column][\/vc_row][vc_row][vc_column][vc_empty_space height=&#8221;52px&#8221;][\/vc_column][\/vc_row][vc_row][vc_column width=&#8221;1\/4&#8243; css=&#8221;.vc_custom_1571998654730{border-right-width: 1px !important;border-right-color: #223e78 !important;border-right-style: solid !important;}&#8221;][vc_single_image image=&#8221;262&#8243; img_size=&#8221;full&#8221; alignment=&#8221;center&#8221; image_hovers=&#8221;false&#8221;][vc_separator color=&#8221;custom&#8221; border_width=&#8221;5&#8243; el_width=&#8221;10&#8243; accent_color=&#8221;#223e78&#8243; css=&#8221;.vc_custom_1571998557337{margin-top: -15px !important;}&#8221;][vc_custom_heading text=&#8221;INTERNET FALAS&#8221; font_container=&#8221;tag:h3|text_align:center|color:%23e87632&#8243; google_fonts=&#8221;font_family:Roboto%20Condensed%3A300%2C300italic%2Cregular%2Citalic%2C700%2C700italic|font_style:300%20light%20regular%3A300%3Anormal&#8221; el_class=&#8221;tx&#8221; css=&#8221;.vc_custom_1572251603131{margin-top: -15px !important;}&#8221;][vc_custom_heading text=&#8221;Shijo internetin falas n\u00eb ambientet e hotelit, barit dhe restorantit.&#8221; font_container=&#8221;tag:p|text_align:center|color:%23333333&#8243; google_fonts=&#8221;font_family:Roboto%20Condensed%3A300%2C300italic%2Cregular%2Citalic%2C700%2C700italic|font_style:300%20light%20regular%3A300%3Anormal&#8221;][\/vc_column][vc_column width=&#8221;1\/4&#8243; css=&#8221;.vc_custom_1571998918476{border-right-width: 1px !important;border-right-color: #223e78 !important;border-right-style: solid !important;}&#8221;][vc_single_image image=&#8221;264&#8243; img_size=&#8221;full&#8221; alignment=&#8221;center&#8221; image_hovers=&#8221;false&#8221;][vc_separator color=&#8221;custom&#8221; border_width=&#8221;5&#8243; el_width=&#8221;10&#8243; accent_color=&#8221;#223e78&#8243; css=&#8221;.vc_custom_1571998557337{margin-top: -15px !important;}&#8221;][vc_custom_heading text=&#8221;PARKIM&#8221; font_container=&#8221;tag:h3|text_align:center|color:%23e87632&#8243; google_fonts=&#8221;font_family:Roboto%20Condensed%3A300%2C300italic%2Cregular%2Citalic%2C700%2C700italic|font_style:300%20light%20regular%3A300%3Anormal&#8221; el_class=&#8221;tx&#8221; css=&#8221;.vc_custom_1572251619824{margin-top: -15px !important;}&#8221;][vc_custom_heading text=&#8221;Ne ofrojm\u00eb mund\u00ebsi parkimi p\u00ebr mysafir\u00ebt e hotelit ton\u00eb.&#8221; font_container=&#8221;tag:p|text_align:center|color:%23333333&#8243; google_fonts=&#8221;font_family:Roboto%20Condensed%3A300%2C300italic%2Cregular%2Citalic%2C700%2C700italic|font_style:300%20light%20regular%3A300%3Anormal&#8221;][\/vc_column][vc_column width=&#8221;1\/4&#8243; css=&#8221;.vc_custom_1571998926276{border-right-width: 1px !important;border-right-color: #223e78 !important;border-right-style: solid !important;}&#8221;][vc_single_image image=&#8221;338&#8243; img_size=&#8221;full&#8221; alignment=&#8221;center&#8221; image_hovers=&#8221;false&#8221;][vc_separator color=&#8221;custom&#8221; border_width=&#8221;5&#8243; el_width=&#8221;10&#8243; accent_color=&#8221;#223e78&#8243; css=&#8221;.vc_custom_1571998557337{margin-top: -15px !important;}&#8221;][vc_custom_heading text=&#8221;BAR&#8221; font_container=&#8221;tag:h3|text_align:center|color:%23e87632&#8243; google_fonts=&#8221;font_family:Roboto%20Condensed%3A300%2C300italic%2Cregular%2Citalic%2C700%2C700italic|font_style:300%20light%20regular%3A300%3Anormal&#8221; el_class=&#8221;tx&#8221; css=&#8221;.vc_custom_1571998963826{margin-top: -15px !important;}&#8221;][vc_custom_heading text=&#8221;Ejani dhe shijoni cil\u00ebsin\u00eb maksimale t\u00eb pijeve n\u00eb ambientet e barit t\u00eb hotelit.&#8221; font_container=&#8221;tag:p|text_align:center|color:%23333333&#8243; google_fonts=&#8221;font_family:Roboto%20Condensed%3A300%2C300italic%2Cregular%2Citalic%2C700%2C700italic|font_style:300%20light%20regular%3A300%3Anormal&#8221;][\/vc_column][vc_column width=&#8221;1\/4&#8243;][vc_empty_space][vc_single_image image=&#8221;265&#8243; img_size=&#8221;full&#8221; alignment=&#8221;center&#8221; image_hovers=&#8221;false&#8221;][vc_separator color=&#8221;custom&#8221; border_width=&#8221;5&#8243; el_width=&#8221;10&#8243; accent_color=&#8221;#223e78&#8243; css=&#8221;.vc_custom_1571998557337{margin-top: -15px !important;}&#8221;][vc_custom_heading text=&#8221;RESTORANT&#8221; font_container=&#8221;tag:h3|text_align:center|color:%23e87632&#8243; google_fonts=&#8221;font_family:Roboto%20Condensed%3A300%2C300italic%2Cregular%2Citalic%2C700%2C700italic|font_style:300%20light%20regular%3A300%3Anormal&#8221; el_class=&#8221;tx&#8221; css=&#8221;.vc_custom_1572251656971{margin-top: -15px !important;}&#8221;][vc_custom_heading text=&#8221;Restorant Murati gjendet brenda ambienteve t\u00eb hotelit-nj\u00eb nga specialitetet e tij \u00ebsht\u00eb ushqimi i detit.&#8221; font_container=&#8221;tag:p|text_align:center|color:%23333333&#8243; google_fonts=&#8221;font_family:Roboto%20Condensed%3A300%2C300italic%2Cregular%2Citalic%2C700%2C700italic|font_style:300%20light%20regular%3A300%3Anormal&#8221;][\/vc_column][\/vc_row][vc_row][vc_column][vc_empty_space height=&#8221;52px&#8221;][\/vc_column][\/vc_row][vc_row][vc_column width=&#8221;1\/4&#8243; css=&#8221;.vc_custom_1571998654730{border-right-width: 1px !important;border-right-color: #223e78 !important;border-right-style: solid !important;}&#8221;][vc_single_image image=&#8221;335&#8243; img_size=&#8221;full&#8221; alignment=&#8221;center&#8221; image_hovers=&#8221;false&#8221;][vc_separator color=&#8221;custom&#8221; border_width=&#8221;5&#8243; el_width=&#8221;10&#8243; accent_color=&#8221;#223e78&#8243; css=&#8221;.vc_custom_1571998557337{margin-top: -15px !important;}&#8221;][vc_custom_heading text=&#8221;SH\u00cbRBIM N\u00cb DHOM\u00cb&#8221; font_container=&#8221;tag:h3|text_align:center|color:%23e87632&#8243; google_fonts=&#8221;font_family:Roboto%20Condensed%3A300%2C300italic%2Cregular%2Citalic%2C700%2C700italic|font_style:300%20light%20regular%3A300%3Anormal&#8221; el_class=&#8221;tx&#8221; css=&#8221;.vc_custom_1572251684665{margin-top: -15px !important;}&#8221;][vc_custom_heading text=&#8221;Sh\u00ebrbimi jon\u00eb \u00ebsht\u00eb vler\u00ebsuar me 5 yje nga klient\u00ebt.&#8221; font_container=&#8221;tag:p|text_align:center|color:%23333333&#8243; google_fonts=&#8221;font_family:Roboto%20Condensed%3A300%2C300italic%2Cregular%2Citalic%2C700%2C700italic|font_style:300%20light%20regular%3A300%3Anormal&#8221;][\/vc_column][vc_column width=&#8221;1\/4&#8243; css=&#8221;.vc_custom_1571998918476{border-right-width: 1px !important;border-right-color: #223e78 !important;border-right-style: solid !important;}&#8221;][vc_single_image image=&#8221;337&#8243; img_size=&#8221;full&#8221; alignment=&#8221;center&#8221; image_hovers=&#8221;false&#8221;][vc_separator color=&#8221;custom&#8221; border_width=&#8221;5&#8243; el_width=&#8221;10&#8243; accent_color=&#8221;#223e78&#8243; css=&#8221;.vc_custom_1571998557337{margin-top: -15px !important;}&#8221;][vc_custom_heading text=&#8221;K\u00cbND LOJRASH&#8221; font_container=&#8221;tag:h3|text_align:center|color:%23e87632&#8243; google_fonts=&#8221;font_family:Roboto%20Condensed%3A300%2C300italic%2Cregular%2Citalic%2C700%2C700italic|font_style:300%20light%20regular%3A300%3Anormal&#8221; el_class=&#8221;tx&#8221; css=&#8221;.vc_custom_1572251702649{margin-top: -15px !important;}&#8221;][vc_custom_heading text=&#8221;F\u00ebmij\u00ebt nuk do t\u00eb m\u00ebrziten kurr\u00eb n\u00eb Hotel Murati. Ne kemi k\u00ebnd lojrash.&#8221; font_container=&#8221;tag:p|text_align:center|color:%23333333&#8243; google_fonts=&#8221;font_family:Roboto%20Condensed%3A300%2C300italic%2Cregular%2Citalic%2C700%2C700italic|font_style:300%20light%20regular%3A300%3Anormal&#8221;][\/vc_column][vc_column width=&#8221;1\/4&#8243; css=&#8221;.vc_custom_1571998926276{border-right-width: 1px !important;border-right-color: #223e78 !important;border-right-style: solid !important;}&#8221;][vc_single_image image=&#8221;331&#8243; img_size=&#8221;full&#8221; alignment=&#8221;center&#8221; image_hovers=&#8221;false&#8221;][vc_separator color=&#8221;custom&#8221; border_width=&#8221;5&#8243; el_width=&#8221;10&#8243; accent_color=&#8221;#223e78&#8243; css=&#8221;.vc_custom_1571998557337{margin-top: -15px !important;}&#8221;][vc_custom_heading text=&#8221;DHOMA FAMILJARE&#8221; font_container=&#8221;tag:h3|text_align:center|color:%23e87632&#8243; google_fonts=&#8221;font_family:Roboto%20Condensed%3A300%2C300italic%2Cregular%2Citalic%2C700%2C700italic|font_style:300%20light%20regular%3A300%3Anormal&#8221; el_class=&#8221;tx&#8221; css=&#8221;.vc_custom_1572251725561{margin-top: -15px !important;}&#8221;][vc_custom_heading text=&#8221;Hotel Murati ka tipe t\u00eb ndryshm\u00ebm dhomash familjare. Ne ofrojm\u00eb dhoma me shtret\u00ebr dopjo dhe ekstra. &#8221; font_container=&#8221;tag:p|text_align:center|color:%23333333&#8243; google_fonts=&#8221;font_family:Roboto%20Condensed%3A300%2C300italic%2Cregular%2Citalic%2C700%2C700italic|font_style:300%20light%20regular%3A300%3Anormal&#8221;][\/vc_column][vc_column width=&#8221;1\/4&#8243;][vc_empty_space][vc_single_image image=&#8221;334&#8243; img_size=&#8221;full&#8221; alignment=&#8221;center&#8221; image_hovers=&#8221;false&#8221;][vc_separator color=&#8221;custom&#8221; border_width=&#8221;5&#8243; el_width=&#8221;10&#8243; accent_color=&#8221;#223e78&#8243; css=&#8221;.vc_custom_1571998557337{margin-top: -15px !important;}&#8221;][vc_custom_heading text=&#8221;LEJOHEN KAFSH\u00cbT&#8221; font_container=&#8221;tag:h3|text_align:center|color:%23e87632&#8243; google_fonts=&#8221;font_family:Roboto%20Condensed%3A300%2C300italic%2Cregular%2Citalic%2C700%2C700italic|font_style:300%20light%20regular%3A300%3Anormal&#8221; el_class=&#8221;tx&#8221; css=&#8221;.vc_custom_1572251740985{margin-top: -15px !important;}&#8221;][vc_custom_heading text=&#8221;Hotel Murati i lejon miqt\u00eb tuaj kat\u00ebrputrosh\u00eb t\u00eb jen\u00eb gjithmon\u00eb me ju.&#8221; font_container=&#8221;tag:p|text_align:center|color:%23333333&#8243; google_fonts=&#8221;font_family:Roboto%20Condensed%3A300%2C300italic%2Cregular%2Citalic%2C700%2C700italic|font_style:300%20light%20regular%3A300%3Anormal&#8221;][\/vc_column][\/vc_row][vc_row][vc_column][vc_empty_space height=&#8221;52px&#8221;][\/vc_column][\/vc_row][vc_row][vc_column width=&#8221;1\/4&#8243; css=&#8221;.vc_custom_1571998654730{border-right-width: 1px !important;border-right-color: #223e78 !important;border-right-style: solid !important;}&#8221;][vc_single_image image=&#8221;336&#8243; img_size=&#8221;full&#8221; alignment=&#8221;center&#8221; image_hovers=&#8221;false&#8221;][vc_separator color=&#8221;custom&#8221; border_width=&#8221;5&#8243; el_width=&#8221;10&#8243; accent_color=&#8221;#223e78&#8243; css=&#8221;.vc_custom_1571998557337{margin-top: -15px !important;}&#8221;][vc_custom_heading text=&#8221;KASAFORT\u00cb&#8221; font_container=&#8221;tag:h3|text_align:center|color:%23e87632&#8243; google_fonts=&#8221;font_family:Roboto%20Condensed%3A300%2C300italic%2Cregular%2Citalic%2C700%2C700italic|font_style:300%20light%20regular%3A300%3Anormal&#8221; el_class=&#8221;tx&#8221; css=&#8221;.vc_custom_1572251757086{margin-top: -15px !important;}&#8221;][vc_custom_heading text=&#8221;Siguria \u00ebsht\u00eb e domosdoshme p\u00ebr ju gjat\u00eb koh\u00ebs s\u00eb pushimeve.&#8221; font_container=&#8221;tag:p|text_align:center|color:%23333333&#8243; google_fonts=&#8221;font_family:Roboto%20Condensed%3A300%2C300italic%2Cregular%2Citalic%2C700%2C700italic|font_style:300%20light%20regular%3A300%3Anormal&#8221;][\/vc_column][vc_column width=&#8221;1\/4&#8243; css=&#8221;.vc_custom_1571998918476{border-right-width: 1px !important;border-right-color: #223e78 !important;border-right-style: solid !important;}&#8221;][vc_single_image image=&#8221;330&#8243; img_size=&#8221;full&#8221; alignment=&#8221;center&#8221; image_hovers=&#8221;false&#8221;][vc_separator color=&#8221;custom&#8221; border_width=&#8221;5&#8243; el_width=&#8221;10&#8243; accent_color=&#8221;#223e78&#8243; css=&#8221;.vc_custom_1571998557337{margin-top: -15px !important;}&#8221;][vc_custom_heading text=&#8221;AJ\u00cbR I KONDICIONUAR&#8221; font_container=&#8221;tag:h3|text_align:center|color:%23e87632&#8243; google_fonts=&#8221;font_family:Roboto%20Condensed%3A300%2C300italic%2Cregular%2Citalic%2C700%2C700italic|font_style:300%20light%20regular%3A300%3Anormal&#8221; el_class=&#8221;tx&#8221; css=&#8221;.vc_custom_1572251770148{margin-top: -15px !important;}&#8221;][vc_custom_heading text=&#8221;T\u00eb gjitha dhomat jan\u00eb t\u00eb pajisura me nj\u00eb kondicioner t\u00eb p\u00ebrshtatsh\u00ebm.&#8221; font_container=&#8221;tag:p|text_align:center|color:%23333333&#8243; google_fonts=&#8221;font_family:Roboto%20Condensed%3A300%2C300italic%2Cregular%2Citalic%2C700%2C700italic|font_style:300%20light%20regular%3A300%3Anormal&#8221;][\/vc_column][vc_column width=&#8221;1\/4&#8243; css=&#8221;.vc_custom_1571998926276{border-right-width: 1px !important;border-right-color: #223e78 !important;border-right-style: solid !important;}&#8221;][vc_single_image image=&#8221;333&#8243; img_size=&#8221;full&#8221; alignment=&#8221;center&#8221; image_hovers=&#8221;false&#8221;][vc_separator color=&#8221;custom&#8221; border_width=&#8221;5&#8243; el_width=&#8221;10&#8243; accent_color=&#8221;#223e78&#8243; css=&#8221;.vc_custom_1571998557337{margin-top: -15px !important;}&#8221;][vc_custom_heading text=&#8221;MAGAZINIM&#8221; font_container=&#8221;tag:h3|text_align:center|color:%23e87632&#8243; google_fonts=&#8221;font_family:Roboto%20Condensed%3A300%2C300italic%2Cregular%2Citalic%2C700%2C700italic|font_style:300%20light%20regular%3A300%3Anormal&#8221; el_class=&#8221;tx&#8221; css=&#8221;.vc_custom_1572251810969{margin-top: -15px !important;}&#8221;][vc_custom_heading text=&#8221;A ju duhet t\u00eb b\u00ebni check-in her\u00ebt ose shum\u00eb von\u00eb? pa problem, mund t\u00eb p\u00ebrdorni dhom\u00ebn e bagazheve. &#8221; font_container=&#8221;tag:p|text_align:center|color:%23333333&#8243; google_fonts=&#8221;font_family:Roboto%20Condensed%3A300%2C300italic%2Cregular%2Citalic%2C700%2C700italic|font_style:300%20light%20regular%3A300%3Anormal&#8221;][\/vc_column][vc_column width=&#8221;1\/4&#8243;][vc_empty_space][vc_single_image image=&#8221;332&#8243; img_size=&#8221;full&#8221; alignment=&#8221;center&#8221; image_hovers=&#8221;false&#8221;][vc_separator color=&#8221;custom&#8221; border_width=&#8221;5&#8243; el_width=&#8221;10&#8243; accent_color=&#8221;#223e78&#8243; css=&#8221;.vc_custom_1571998557337{margin-top: -15px !important;}&#8221;][vc_custom_heading text=&#8221;SHUM\u00cbGJUH\u00cbSH&#8221; font_container=&#8221;tag:h3|text_align:center|color:%23e87632&#8243; google_fonts=&#8221;font_family:Roboto%20Condensed%3A300%2C300italic%2Cregular%2Citalic%2C700%2C700italic|font_style:300%20light%20regular%3A300%3Anormal&#8221; el_class=&#8221;tx&#8221; css=&#8221;.vc_custom_1572251825079{margin-top: -15px !important;}&#8221;][vc_custom_heading text=&#8221;An\u00ebtar\u00ebt e stafit t\u00eb hotelit ton\u00eb mund t\u00eb komunikojn\u00eb n\u00eb disa gjuh\u00eb.&#8221; font_container=&#8221;tag:p|text_align:center|color:%23333333&#8243; google_fonts=&#8221;font_family:Roboto%20Condensed%3A300%2C300italic%2Cregular%2Citalic%2C700%2C700italic|font_style:300%20light%20regular%3A300%3Anormal&#8221;][\/vc_column][\/vc_row]<\/p>\n<\/div>","protected":false},"excerpt":{"rendered":"<p>[vc_row bg_type=&#8221;bg_color&#8221; bg_override=&#8221;ex-full&#8221; css=&#8221;.vc_custom_1571997963460{margin-top: -70px !important;}&#8221; bg_color_value=&#8221;rgba(242,234,207,0.24)&#8221;][vc_column width=&#8221;1\/2&#8243;][vc_empty_space height=&#8221;20px&#8221;][vc_single_image image=&#8221;329&#8243; img_size=&#8221;full&#8221; style=&#8221;vc_box_border&#8221; border_color=&#8221;white&#8221; image_hovers=&#8221;false&#8221; css=&#8221;.vc_custom_1571997856819{margin-bottom: -50px !important;}&#8221;][\/vc_column][vc_column width=&#8221;1\/2&#8243;][vc_empty_space height=&#8221;120px&#8221;][vc_custom_heading text=&#8221; Komfort dhe pushime t\u00eb paharrueshme nd\u00ebrkoh\u00eb q\u00eb vizitoni Ksamilin.&#8221; font_container=&#8221;tag:h2|text_align:left|color:%23223e78&#8243; google_fonts=&#8221;font_family:Roboto%20Condensed%3A300%2C300italic%2Cregular%2Citalic%2C700%2C700italic|font_style:400%20regular%3A400%3Anormal&#8221;][vc_empty_space height=&#8221;22px&#8221;][vc_custom_heading text=&#8221;HOTEL MURATI&#8221; font_container=&#8221;tag:h2|text_align:left|color:%23e87632&#8243; google_fonts=&#8221;font_family:Roboto%20Condensed%3A300%2C300italic%2Cregular%2Citalic%2C700%2C700italic|font_style:300%20light%20regular%3A300%3Anormal&#8221; el_class=&#8221;tx&#8221;][\/vc_column][\/vc_row][vc_row][vc_column][vc_empty_space height=&#8221;52px&#8221;][\/vc_column][\/vc_row][vc_row][vc_column width=&#8221;1\/4&#8243; css=&#8221;.vc_custom_1571998654730{border-right-width: 1px !important;border-right-color: #223e78 !important;border-right-style: solid !important;}&#8221;][vc_single_image image=&#8221;262&#8243; img_size=&#8221;full&#8221; alignment=&#8221;center&#8221; image_hovers=&#8221;false&#8221;][vc_separator color=&#8221;custom&#8221; border_width=&#8221;5&#8243; el_width=&#8221;10&#8243; accent_color=&#8221;#223e78&#8243; css=&#8221;.vc_custom_1571998557337{margin-top:&hellip;<\/p>\n","protected":false},"author":2,"featured_media":0,"parent":0,"menu_order":0,"comment_status":"closed","ping_status":"closed","template":"","meta":{"footnotes":""},"class_list":["post-326","page","type-page","status-publish","hentry","description-off"],"_links":{"self":[{"href":"https:\/\/hotelmurati.al\/index.php\/wp-json\/wp\/v2\/pages\/326","targetHints":{"allow":["GET"]}}],"collection":[{"href":"https:\/\/hotelmurati.al\/index.php\/wp-json\/wp\/v2\/pages"}],"about":[{"href":"https:\/\/hotelmurati.al\/index.php\/wp-json\/wp\/v2\/types\/page"}],"author":[{"embeddable":true,"href":"https:\/\/hotelmurati.al\/index.php\/wp-json\/wp\/v2\/users\/2"}],"replies":[{"embeddable":true,"href":"https:\/\/hotelmurati.al\/index.php\/wp-json\/wp\/v2\/comments?post=326"}],"version-history":[{"count":4,"href":"https:\/\/hotelmurati.al\/index.php\/wp-json\/wp\/v2\/pages\/326\/revisions"}],"predecessor-version":[{"id":349,"href":"https:\/\/hotelmurati.al\/index.php\/wp-json\/wp\/v2\/pages\/326\/revisions\/349"}],"wp:attachment":[{"href":"https:\/\/hotelmurati.al\/index.php\/wp-json\/wp\/v2\/media?parent=326"}],"curies":[{"name":"wp","href":"https:\/\/api.w.org\/{rel}","templated":true}]}}