{"id":297,"date":"2019-10-25T08:35:54","date_gmt":"2019-10-25T08:35:54","guid":{"rendered":"https:\/\/hotelmurati.com\/index.php\/our-rooms\/"},"modified":"2019-10-28T09:38:37","modified_gmt":"2019-10-28T09:38:37","slug":"our-rooms","status":"publish","type":"page","link":"https:\/\/hotelmurati.al\/index.php\/our-rooms\/?lang=sq","title":{"rendered":"DHOMAT TONA"},"content":{"rendered":"<div class=\"wpb-content-wrapper\"><p>[vc_row bg_type=&#8221;bg_color&#8221; bg_override=&#8221;ex-full&#8221; bg_color_value=&#8221;rgba(242,234,207,0.24)&#8221; css=&#8221;.vc_custom_1571995839873{margin-top: -70px !important;}&#8221;][vc_column width=&#8221;1\/2&#8243;][vc_empty_space][vc_single_image image=&#8221;51&#8243; img_size=&#8221;full&#8221; style=&#8221;vc_box_shadow&#8221; image_hovers=&#8221;false&#8221;][\/vc_column][vc_column width=&#8221;1\/2&#8243;][vc_empty_space height=&#8221;42px&#8221;][vc_custom_heading text=&#8221;PAMJE NGA DETI&#8221; font_container=&#8221;tag:h2|text_align:left|color:%23e87632&#8243; google_fonts=&#8221;font_family:Pontano%20Sans%3Aregular|font_style:400%20regular%3A400%3Anormal&#8221; el_class=&#8221;tx&#8221;][vc_custom_heading text=&#8221;Dhom\u00eb Dopio me Ballkon&#8221; font_container=&#8221;tag:h1|font_size:40|text_align:left|color:%23223e78&#8243; google_fonts=&#8221;font_family:Roboto%20Condensed%3A300%2C300italic%2Cregular%2Citalic%2C700%2C700italic|font_style:400%20regular%3A400%3Anormal&#8221;][vc_empty_space][vc_custom_heading text=&#8221;Kjo dhom\u00eb dopio p\u00ebrfshin nj\u00eb krevat dopio dhe mjaft paisje t\u00eb tjera si: tualet, frigorifer, aj\u00ebr t\u00eb kondicionuar, televizor dhe internet falas. Hotel Murati n\u00eb Ksamil u ofron turist\u00ebve dhoma t\u00eb mobiluara me kujdes, me hap\u00ebsir\u00eb dhe pamje t\u00eb k\u00ebndshme.&#8221; font_container=&#8221;tag:p|text_align:justify|color:%23223e78&#8243; google_fonts=&#8221;font_family:Pontano%20Sans%3Aregular|font_style:400%20regular%3A400%3Anormal&#8221;][vc_empty_space][vc_btn title=&#8221;DETAJET&#8221; style=&#8221;custom&#8221; custom_background=&#8221;#223e78&#8243; custom_text=&#8221;#ffffff&#8221; shape=&#8221;square&#8221; align=&#8221;left&#8221; link=&#8221;url:https%3A%2F%2Fhotelmurati.al%2Findex.php%2Fdouble-room-with-balcony-and-sea-view%2F%3Flang%3Dsq|||&#8221;][\/vc_column][\/vc_row][vc_row][vc_column width=&#8221;1\/2&#8243;][vc_empty_space height=&#8221;42px&#8221;][vc_custom_heading text=&#8221;PAMJE NGA DETI&#8221; font_container=&#8221;tag:h2|text_align:left|color:%23e87632&#8243; google_fonts=&#8221;font_family:Pontano%20Sans%3Aregular|font_style:400%20regular%3A400%3Anormal&#8221; el_class=&#8221;tx&#8221;][vc_custom_heading text=&#8221;Dhom\u00eb Treshe me Ballkon&#8221; font_container=&#8221;tag:h1|font_size:40|text_align:left|color:%23223e78&#8243; google_fonts=&#8221;font_family:Roboto%20Condensed%3A300%2C300italic%2Cregular%2Citalic%2C700%2C700italic|font_style:400%20regular%3A400%3Anormal&#8221;][vc_empty_space][vc_custom_heading text=&#8221;Kjo dhom\u00eb treshe p\u00ebrfshin nj\u00eb krevat dopio dhe nj\u00eb tek,si dhe mjaft paisje t\u00eb tjera si: tualet, frigorifer, aj\u00ebr t\u00eb kondicionuar, televizor dhe internet falas. Hotel Murati n\u00eb Ksamil u ofron turist\u00ebve dhoma t\u00eb mobiluara me kujdes, me hap\u00ebsir\u00eb dhe pamje t\u00eb k\u00ebndshme.&#8221; font_container=&#8221;tag:p|text_align:justify|color:%23223e78&#8243; google_fonts=&#8221;font_family:Pontano%20Sans%3Aregular|font_style:400%20regular%3A400%3Anormal&#8221;][vc_empty_space][vc_btn title=&#8221;DETAJET&#8221; style=&#8221;custom&#8221; custom_background=&#8221;#223e78&#8243; custom_text=&#8221;#ffffff&#8221; shape=&#8221;square&#8221; align=&#8221;left&#8221; link=&#8221;url:https%3A%2F%2Fhotelmurati.al%2Findex.php%2Ftriple-room-with-balcony-and-sea-view%2F%3Flang%3Dsq|||&#8221;][\/vc_column][vc_column width=&#8221;1\/2&#8243;][vc_empty_space][vc_single_image image=&#8221;54&#8243; img_size=&#8221;full&#8221; style=&#8221;vc_box_shadow&#8221; image_hovers=&#8221;false&#8221;][\/vc_column][\/vc_row][vc_row bg_type=&#8221;bg_color&#8221; bg_override=&#8221;ex-full&#8221; bg_color_value=&#8221;rgba(242,234,207,0.24)&#8221;][vc_column width=&#8221;1\/2&#8243;][vc_empty_space][vc_single_image image=&#8221;55&#8243; img_size=&#8221;full&#8221; style=&#8221;vc_box_shadow&#8221; image_hovers=&#8221;false&#8221;][\/vc_column][vc_column width=&#8221;1\/2&#8243;][vc_empty_space height=&#8221;42px&#8221;][vc_custom_heading text=&#8221;ME BALLKON&#8221; font_container=&#8221;tag:h2|text_align:left|color:%23e87632&#8243; google_fonts=&#8221;font_family:Pontano%20Sans%3Aregular|font_style:400%20regular%3A400%3Anormal&#8221; el_class=&#8221;tx&#8221;][vc_custom_heading text=&#8221;Dhom\u00eb Dyshe ose Dopio&#8221; font_container=&#8221;tag:h1|font_size:40|text_align:left|color:%23223e78&#8243; google_fonts=&#8221;font_family:Roboto%20Condensed%3A300%2C300italic%2Cregular%2Citalic%2C700%2C700italic|font_style:400%20regular%3A400%3Anormal&#8221;][vc_empty_space][vc_custom_heading text=&#8221;Kjo dhom\u00eb dopio p\u00ebrfshin dy krevat\u00eb tek dhe mjaft paisje t\u00eb tjera si: tualet, frigorifer, aj\u00ebr t\u00eb kondicionuar, televizor dhe internet falas. Hotel Murati n\u00eb Ksamil u ofron turist\u00ebve dhoma t\u00eb mobiluara me kujdes, me hap\u00ebsir\u00eb dhe pamje t\u00eb k\u00ebndshme.&#8221; font_container=&#8221;tag:p|text_align:justify|color:%23223e78&#8243; google_fonts=&#8221;font_family:Pontano%20Sans%3Aregular|font_style:400%20regular%3A400%3Anormal&#8221;][vc_empty_space][vc_btn title=&#8221;DETAJET&#8221; style=&#8221;custom&#8221; custom_background=&#8221;#223e78&#8243; custom_text=&#8221;#ffffff&#8221; shape=&#8221;square&#8221; align=&#8221;left&#8221; link=&#8221;url:https%3A%2F%2Fhotelmurati.al%2Findex.php%2Fdouble-or-twin-room-with-balcony%2F%3Flang%3Dsq|||&#8221;][\/vc_column][\/vc_row][vc_row][vc_column width=&#8221;1\/2&#8243;][vc_empty_space height=&#8221;42px&#8221;][vc_custom_heading text=&#8221;BALLKON&#8221; font_container=&#8221;tag:h2|text_align:left|color:%23e87632&#8243; google_fonts=&#8221;font_family:Pontano%20Sans%3Aregular|font_style:400%20regular%3A400%3Anormal&#8221; el_class=&#8221;tx&#8221;][vc_custom_heading text=&#8221;Dhom\u00eb Treshe me Ballkon&#8221; font_container=&#8221;tag:h1|font_size:40|text_align:left|color:%23223e78&#8243; google_fonts=&#8221;font_family:Roboto%20Condensed%3A300%2C300italic%2Cregular%2Citalic%2C700%2C700italic|font_style:400%20regular%3A400%3Anormal&#8221;][vc_empty_space][vc_custom_heading text=&#8221;Kjo dhom\u00eb treshe p\u00ebrfshin nj\u00eb krevat dopio dhe nj\u00eb tek,si dhe mjaft paisje t\u00eb tjera si: tualet, frigorifer, aj\u00ebr t\u00eb kondicionuar, televizor dhe internet falas. Hotel Murati n\u00eb Ksamil u ofron turist\u00ebve dhoma t\u00eb mobiluara me kujdes, me hap\u00ebsir\u00eb dhe pamje t\u00eb k\u00ebndshme.&#8221; font_container=&#8221;tag:p|text_align:justify|color:%23223e78&#8243; google_fonts=&#8221;font_family:Pontano%20Sans%3Aregular|font_style:400%20regular%3A400%3Anormal&#8221;][vc_empty_space][vc_btn title=&#8221;DETAJET&#8221; style=&#8221;custom&#8221; custom_background=&#8221;#223e78&#8243; custom_text=&#8221;#ffffff&#8221; shape=&#8221;square&#8221; align=&#8221;left&#8221; link=&#8221;url:https%3A%2F%2Fhotelmurati.al%2Findex.php%2Ftriple-room-with-balcony%2F%3Flang%3Dsq|||&#8221;][\/vc_column][vc_column width=&#8221;1\/2&#8243;][vc_empty_space][vc_single_image image=&#8221;56&#8243; img_size=&#8221;full&#8221; style=&#8221;vc_box_shadow&#8221; image_hovers=&#8221;false&#8221;][\/vc_column][\/vc_row][vc_row bg_type=&#8221;bg_color&#8221; bg_override=&#8221;ex-full&#8221; bg_color_value=&#8221;rgba(242,234,207,0.24)&#8221;][vc_column width=&#8221;1\/2&#8243;][vc_empty_space][vc_single_image image=&#8221;57&#8243; img_size=&#8221;full&#8221; style=&#8221;vc_box_shadow&#8221; image_hovers=&#8221;false&#8221;][\/vc_column][vc_column width=&#8221;1\/2&#8243;][vc_empty_space height=&#8221;42px&#8221;][vc_custom_heading text=&#8221;ME BALLKON&#8221; font_container=&#8221;tag:h2|text_align:left|color:%23e87632&#8243; google_fonts=&#8221;font_family:Pontano%20Sans%3Aregular|font_style:400%20regular%3A400%3Anormal&#8221; el_class=&#8221;tx&#8221;][vc_custom_heading text=&#8221;Dhom\u00eb Dopio&#8221; font_container=&#8221;tag:h1|font_size:40|text_align:left|color:%23223e78&#8243; google_fonts=&#8221;font_family:Roboto%20Condensed%3A300%2C300italic%2Cregular%2Citalic%2C700%2C700italic|font_style:400%20regular%3A400%3Anormal&#8221;][vc_empty_space][vc_custom_heading text=&#8221;Kjo dhom\u00eb dopio p\u00ebrfshin nj\u00eb krevat dopio dhe mjaft paisje t\u00eb tjera si: tualet, frigorifer, aj\u00ebr t\u00eb kondicionuar, televizor dhe internet falas. Hotel Murati n\u00eb Ksamil u ofron turist\u00ebve dhoma t\u00eb mobiluara me kujdes, me hap\u00ebsir\u00eb dhe pamje t\u00eb k\u00ebndshme.&#8221; font_container=&#8221;tag:p|text_align:justify|color:%23223e78&#8243; google_fonts=&#8221;font_family:Pontano%20Sans%3Aregular|font_style:400%20regular%3A400%3Anormal&#8221;][vc_empty_space][vc_btn title=&#8221;DETAJET&#8221; style=&#8221;custom&#8221; custom_background=&#8221;#223e78&#8243; custom_text=&#8221;#ffffff&#8221; shape=&#8221;square&#8221; align=&#8221;left&#8221; link=&#8221;url:https%3A%2F%2Fhotelmurati.al%2Findex.php%2Fdouble-room-with-balcony%2F%3Flang%3Dsq|||&#8221;][\/vc_column][\/vc_row][vc_row][vc_column width=&#8221;1\/2&#8243;][vc_empty_space height=&#8221;42px&#8221;][vc_custom_heading text=&#8221;BALLKON&#8221; font_container=&#8221;tag:h2|text_align:left|color:%23e87632&#8243; google_fonts=&#8221;font_family:Pontano%20Sans%3Aregular|font_style:400%20regular%3A400%3Anormal&#8221; el_class=&#8221;tx&#8221;][vc_custom_heading text=&#8221;Dhom\u00eb Dopio Superiore&#8221; font_container=&#8221;tag:h1|font_size:40|text_align:left|color:%23223e78&#8243; google_fonts=&#8221;font_family:Roboto%20Condensed%3A300%2C300italic%2Cregular%2Citalic%2C700%2C700italic|font_style:400%20regular%3A400%3Anormal&#8221;][vc_empty_space][vc_custom_heading text=&#8221;Kjo dhom\u00eb dopio superiore p\u00ebrfshin nj\u00eb krevat dopio, nj\u00eb divan dhe mjaft paisje t\u00eb tjera si: tualet, frigorifer, aj\u00ebr t\u00eb kondicionuar, televizor dhe internet falas. Hotel Murati n\u00eb Ksamil u ofron turist\u00ebve dhoma t\u00eb mobiluara me kujdes, me hap\u00ebsir\u00eb dhe pamje t\u00eb k\u00ebndshme.&#8221; font_container=&#8221;tag:p|text_align:justify|color:%23223e78&#8243; google_fonts=&#8221;font_family:Pontano%20Sans%3Aregular|font_style:400%20regular%3A400%3Anormal&#8221;][vc_empty_space][vc_btn title=&#8221;DETAJET&#8221; style=&#8221;custom&#8221; custom_background=&#8221;#223e78&#8243; custom_text=&#8221;#ffffff&#8221; shape=&#8221;square&#8221; align=&#8221;left&#8221; link=&#8221;url:https%3A%2F%2Fhotelmurati.al%2Findex.php%2Fsuperior-double-room-with-balcony%2F%3Flang%3Dsq|||&#8221;][\/vc_column][vc_column width=&#8221;1\/2&#8243;][vc_empty_space][vc_single_image image=&#8221;58&#8243; img_size=&#8221;full&#8221; style=&#8221;vc_box_shadow&#8221; image_hovers=&#8221;false&#8221;][\/vc_column][\/vc_row][vc_row bg_type=&#8221;bg_color&#8221; bg_override=&#8221;ex-full&#8221; bg_color_value=&#8221;rgba(242,234,207,0.24)&#8221;][vc_column width=&#8221;1\/2&#8243;][vc_empty_space][vc_single_image image=&#8221;59&#8243; img_size=&#8221;full&#8221; style=&#8221;vc_box_shadow&#8221; image_hovers=&#8221;false&#8221;][\/vc_column][vc_column width=&#8221;1\/2&#8243;][vc_empty_space height=&#8221;42px&#8221;][vc_custom_heading text=&#8221;PAMJE NGA DETI&#8221; font_container=&#8221;tag:h2|text_align:left|color:%23e87632&#8243; google_fonts=&#8221;font_family:Pontano%20Sans%3Aregular|font_style:400%20regular%3A400%3Anormal&#8221; el_class=&#8221;tx&#8221;][vc_custom_heading text=&#8221;Dhom\u00eb Dopio Superiore me Ballkon&#8221; font_container=&#8221;tag:h1|font_size:40|text_align:left|color:%23223e78&#8243; google_fonts=&#8221;font_family:Roboto%20Condensed%3A300%2C300italic%2Cregular%2Citalic%2C700%2C700italic|font_style:400%20regular%3A400%3Anormal&#8221;][vc_empty_space][vc_custom_heading text=&#8221;Kjo dhom\u00eb dopio superiore p\u00ebrfshin nj\u00eb krevat dopio, nj\u00eb divan dhe mjaft paisje t\u00eb tjera si: tualet, frigorifer, aj\u00ebr t\u00eb kondicionuar, televizor dhe internet falas. Hotel Murati n\u00eb Ksamil u ofron turist\u00ebve dhoma t\u00eb mobiluara me kujdes, me hap\u00ebsir\u00eb dhe pamje t\u00eb k\u00ebndshme.&#8221; font_container=&#8221;tag:p|text_align:justify|color:%23223e78&#8243; google_fonts=&#8221;font_family:Pontano%20Sans%3Aregular|font_style:400%20regular%3A400%3Anormal&#8221;][vc_empty_space][vc_btn title=&#8221;DETAJET&#8221; style=&#8221;custom&#8221; custom_background=&#8221;#223e78&#8243; custom_text=&#8221;#ffffff&#8221; shape=&#8221;square&#8221; align=&#8221;left&#8221; link=&#8221;url:https%3A%2F%2Fhotelmurati.al%2Findex.php%2Fsuperior-double-room-with-balcony-and-sea-view%2F%3Flang%3Dsq|||&#8221;][\/vc_column][\/vc_row][vc_row][vc_column width=&#8221;1\/2&#8243;][vc_empty_space height=&#8221;42px&#8221;][vc_custom_heading text=&#8221;PAMJE NGA DETI&#8221; font_container=&#8221;tag:h2|text_align:left|color:%23e87632&#8243; google_fonts=&#8221;font_family:Pontano%20Sans%3Aregular|font_style:400%20regular%3A400%3Anormal&#8221; el_class=&#8221;tx&#8221;][vc_custom_heading text=&#8221;Apartament me Dy Dhoma me Ballkon&#8221; font_container=&#8221;tag:h1|font_size:40|text_align:left|color:%23223e78&#8243; google_fonts=&#8221;font_family:Roboto%20Condensed%3A300%2C300italic%2Cregular%2Citalic%2C700%2C700italic|font_style:400%20regular%3A400%3Anormal&#8221;][vc_empty_space][vc_custom_heading text=&#8221;Apartamenti me dy dhoma ka nj\u00eb zon\u00eb per tu ulur, izolim akustik, tostier\u00eb si dhe mjaft paisje t\u00eb tjera si: tualet, frigorifer, aj\u00ebr t\u00eb kondicionuar, televizor dhe internet falas. Hotel Murati n\u00eb Ksamil u ofron turist\u00ebve dhoma t\u00eb mobiluara me kujdes, me hap\u00ebsir\u00eb dhe pamje t\u00eb k\u00ebndshme.&#8221; font_container=&#8221;tag:p|text_align:justify|color:%23223e78&#8243; google_fonts=&#8221;font_family:Pontano%20Sans%3Aregular|font_style:400%20regular%3A400%3Anormal&#8221;][vc_empty_space][vc_btn title=&#8221;DETAJET&#8221; style=&#8221;custom&#8221; custom_background=&#8221;#223e78&#8243; custom_text=&#8221;#ffffff&#8221; shape=&#8221;square&#8221; align=&#8221;left&#8221; link=&#8221;url:https%3A%2F%2Fhotelmurati.al%2Findex.php%2Ftwo-bedroom-apartment-with-balcony-and-sea-view%2F%3Flang%3Dsq|||&#8221;][\/vc_column][vc_column width=&#8221;1\/2&#8243;][vc_empty_space][vc_single_image image=&#8221;276&#8243; img_size=&#8221;full&#8221; style=&#8221;vc_box_shadow&#8221; image_hovers=&#8221;false&#8221;][\/vc_column][\/vc_row]<\/p>\n<\/div>","protected":false},"excerpt":{"rendered":"<p>[vc_row bg_type=&#8221;bg_color&#8221; bg_override=&#8221;ex-full&#8221; bg_color_value=&#8221;rgba(242,234,207,0.24)&#8221; css=&#8221;.vc_custom_1571995839873{margin-top: -70px !important;}&#8221;][vc_column width=&#8221;1\/2&#8243;][vc_empty_space][vc_single_image image=&#8221;51&#8243; img_size=&#8221;full&#8221; style=&#8221;vc_box_shadow&#8221; image_hovers=&#8221;false&#8221;][\/vc_column][vc_column width=&#8221;1\/2&#8243;][vc_empty_space height=&#8221;42px&#8221;][vc_custom_heading text=&#8221;PAMJE NGA DETI&#8221; font_container=&#8221;tag:h2|text_align:left|color:%23e87632&#8243; google_fonts=&#8221;font_family:Pontano%20Sans%3Aregular|font_style:400%20regular%3A400%3Anormal&#8221; el_class=&#8221;tx&#8221;][vc_custom_heading text=&#8221;Dhom\u00eb Dopio me Ballkon&#8221; font_container=&#8221;tag:h1|font_size:40|text_align:left|color:%23223e78&#8243; google_fonts=&#8221;font_family:Roboto%20Condensed%3A300%2C300italic%2Cregular%2Citalic%2C700%2C700italic|font_style:400%20regular%3A400%3Anormal&#8221;][vc_empty_space][vc_custom_heading text=&#8221;Kjo dhom\u00eb dopio p\u00ebrfshin nj\u00eb krevat dopio dhe mjaft paisje t\u00eb tjera si: tualet, frigorifer, aj\u00ebr t\u00eb kondicionuar, televizor dhe internet falas. Hotel Murati n\u00eb Ksamil u ofron turist\u00ebve&hellip;<\/p>\n","protected":false},"author":2,"featured_media":0,"parent":0,"menu_order":0,"comment_status":"closed","ping_status":"closed","template":"","meta":{"footnotes":""},"class_list":["post-297","page","type-page","status-publish","hentry","description-off"],"_links":{"self":[{"href":"https:\/\/hotelmurati.al\/index.php\/wp-json\/wp\/v2\/pages\/297","targetHints":{"allow":["GET"]}}],"collection":[{"href":"https:\/\/hotelmurati.al\/index.php\/wp-json\/wp\/v2\/pages"}],"about":[{"href":"https:\/\/hotelmurati.al\/index.php\/wp-json\/wp\/v2\/types\/page"}],"author":[{"embeddable":true,"href":"https:\/\/hotelmurati.al\/index.php\/wp-json\/wp\/v2\/users\/2"}],"replies":[{"embeddable":true,"href":"https:\/\/hotelmurati.al\/index.php\/wp-json\/wp\/v2\/comments?post=297"}],"version-history":[{"count":3,"href":"https:\/\/hotelmurati.al\/index.php\/wp-json\/wp\/v2\/pages\/297\/revisions"}],"predecessor-version":[{"id":470,"href":"https:\/\/hotelmurati.al\/index.php\/wp-json\/wp\/v2\/pages\/297\/revisions\/470"}],"wp:attachment":[{"href":"https:\/\/hotelmurati.al\/index.php\/wp-json\/wp\/v2\/media?parent=297"}],"curies":[{"name":"wp","href":"https:\/\/api.w.org\/{rel}","templated":true}]}}